{"id":1903,"date":"2023-01-26T17:19:09","date_gmt":"2023-01-26T16:19:09","guid":{"rendered":"https:\/\/www.luminlucid.com\/website-terms-of-use\/"},"modified":"2025-08-05T11:41:09","modified_gmt":"2025-08-05T09:41:09","slug":"website-terms-of-use","status":"publish","type":"page","link":"https:\/\/www.luminlucid.com\/de\/website-terms-of-use\/","title":{"rendered":"Website Terms of Use"},"content":{"rendered":"\t\t<div data-elementor-type=\"wp-page\" data-elementor-id=\"1903\" class=\"elementor elementor-1903 elementor-1870\" data-elementor-post-type=\"page\">\n\t\t\t\t\t\t<section class=\"elementor-section elementor-top-section elementor-element elementor-element-ceeba28 elementor-section-boxed elementor-section-height-default elementor-section-height-default\" data-id=\"ceeba28\" data-element_type=\"section\" data-e-type=\"section\">\n\t\t\t\t\t\t<div class=\"elementor-container elementor-column-gap-default\">\n\t\t\t\t\t<div class=\"elementor-column elementor-col-100 elementor-top-column elementor-element elementor-element-ed45c29\" data-id=\"ed45c29\" data-element_type=\"column\" data-e-type=\"column\">\n\t\t\t<div class=\"elementor-widget-wrap elementor-element-populated\">\n\t\t\t\t\t\t<div class=\"elementor-element elementor-element-c11350b elementor-widget elementor-widget-heading\" data-id=\"c11350b\" data-element_type=\"widget\" data-e-type=\"widget\" data-widget_type=\"heading.default\">\n\t\t\t\t<div class=\"elementor-widget-container\">\n\t\t\t\t\t<h1 class=\"elementor-heading-title elementor-size-default\">Nutzungsbedingungen der Webseite<\/h1>\t\t\t\t<\/div>\n\t\t\t\t<\/div>\n\t\t\t\t\t<\/div>\n\t\t<\/div>\n\t\t\t\t\t<\/div>\n\t\t<\/section>\n\t\t\t\t<section class=\"elementor-section elementor-top-section elementor-element elementor-element-a356ce8 elementor-section-boxed elementor-section-height-default elementor-section-height-default\" data-id=\"a356ce8\" data-element_type=\"section\" data-e-type=\"section\">\n\t\t\t\t\t\t<div class=\"elementor-container elementor-column-gap-default\">\n\t\t\t\t\t<div class=\"elementor-column elementor-col-100 elementor-top-column elementor-element elementor-element-13d9e53\" data-id=\"13d9e53\" data-element_type=\"column\" data-e-type=\"column\">\n\t\t\t<div class=\"elementor-widget-wrap elementor-element-populated\">\n\t\t\t\t\t\t<div class=\"elementor-element elementor-element-b8b2ed2 elementor-widget elementor-widget-text-editor\" data-id=\"b8b2ed2\" data-element_type=\"widget\" data-e-type=\"widget\" data-widget_type=\"text-editor.default\">\n\t\t\t\t<div class=\"elementor-widget-container\">\n\t\t\t\t\t\t\t\t\t<p>Die nachfolgenden Bedingungen gelten f\u00fcr die Nutzung der Website <a href=\"https:\/\/www.luminlucid.com\" target=\"_blank\" rel=\"noopener\">www.luminlucid.com<\/a> (nachfolgend &#8222;Website&#8220; genannt) der Makana Knowledge GmbH.<\/p><p>(nachfolgend &#8222;MAKANA KNOWLEDGE&#8220; genannt).<\/p><p>Mit dem Abruf der Website und der Nutzung der dort bereitgestellten Informationen erkl\u00e4rt der Nutzer sein Einverst\u00e4ndnis mit diesen Bedingungen. Soweit die Bedingungen f\u00fcr bestimmte Produkte und Dienstleistungen von diesen Bedingungen abweichen, haben die Bedingungen f\u00fcr die Produkte und Dienstleistungen Vorrang.<\/p><p><strong>Rechtlicher Hinweis<\/strong><\/p><p>Die Informationen auf dieser Website dienen ausschlie\u00dflich allgemeinen Informationszwecken und stellen weder ein Angebot zum Verkauf noch eine Aufforderung zum Kauf einer Dienstleistung oder eine Beratung in irgendeiner Rechtsordnung dar. MAKANA KNOWLEDGE bietet keiner Person, die den Inhalt dieser frei zug\u00e4nglichen Website betrachtet, eine spezifische Beratungs- oder F\u00fchrungsberatung an und sichert nicht zu, dass die hier beschriebenen Beratungs- oder F\u00fchrungsberatungen und -dienstleistungen f\u00fcr eine bestimmte Person oder ein bestimmtes Unternehmen geeignet sind. Den Besuchern dieser Website wird empfohlen, sich nicht auf die auf dieser Website enthaltenen Informationen zu verlassen, um eine fundierte Entscheidung zu treffen. MAKANA KNOWLEDGE lehnt ausdr\u00fccklich jede Haftung in Bezug auf Handlungen ab, die auf der Grundlage von Informationen auf dieser Website getroffen wurden.<\/p><p>MAKANA KNOWLEDGE ist jederzeit berechtigt, den frei zug\u00e4nglichen Betrieb dieser Website und die frei zug\u00e4nglichen Informationen und Angaben auf der Website (einschlie\u00dflich dieses Haftungsausschlusses) ohne vorherige Ank\u00fcndigung zu erg\u00e4nzen, zu \u00e4ndern oder einzustellen. Es ist daher ratsam, diesen Haftungsausschluss und alle anderen Hinweise auf der Website regelm\u00e4\u00dfig zu \u00fcberpr\u00fcfen, damit Sie \u00fcber solche Erg\u00e4nzungen oder \u00c4nderungen informiert sind.<\/p><p><b>Urheberrechtshinweis<\/b><br \/>Alle auf dieser Website ver\u00f6ffentlichten Texte, Bilder, Grafiken und Inhalte unterliegen dem Urheberrecht (\u00a7\u00a7\u202f2,\u202f7,\u202f15 ff. UrhG). Jede Art der Vervielf\u00e4ltigung, Bearbeitung, Verbreitung oder \u00f6ffentlichen Wiedergabe au\u00dferhalb der engen Grenzen des Urheberrechts bedarf der vorherigen schriftlichen Zustimmung der Makana Knowledge GmbH. Unauthorisierte Nutzung wird verfolgt (\u00a7\u202f97 UrhG).<\/p><p><strong>Nutzung der Website<\/strong><\/p><p>Dem Nutzer der Website ist es gestattet, die Daten und Informationen auf der Website nur f\u00fcr den pers\u00f6nlichen Gebrauch zu durchsuchen und anzusehen. Die Informationen auf der Website d\u00fcrfen ohne die ausdr\u00fcckliche schriftliche Zustimmung von MAKANA KNOWLEDGE nicht verteilt, ver\u00f6ffentlicht, \u00fcbertragen, vervielf\u00e4ltigt oder auf andere Weise Dritten zug\u00e4nglich gemacht werden. Dem Nutzer der Website werden keine Lizenz- oder Nutzungsrechte gleich welcher Art einger\u00e4umt. MAKANA KNOWLEDGE beh\u00e4lt sich alle Rechte (einschlie\u00dflich aller eingetragenen Eigentumsrechte sowie der Rechte an allen nicht eingetragenen Marken, Urheberrechten, Texten, Grafiken und Logos) an den auf der Website pr\u00e4sentierten Informationen und Dienstleistungen vor.<\/p><p><strong>Links zur Website sind ohne vorherige schriftliche Zustimmung von MAKANA KNOWLEDGE nicht gestattet.<\/strong><\/p><p><strong>Gew\u00e4hrleistungsausschluss und Haftungsbeschr\u00e4nkung<\/strong><\/p><p>MAKANA KNOWLEDGE \u00fcbernimmt keinerlei Garantie f\u00fcr die Verf\u00fcgbarkeit der Website, den Zugang zu ihr und ihre Nutzung. Trotz aller Sorgfalt kann MAKANA KNOWLEDGE keine Gew\u00e4hr f\u00fcr die Aktualit\u00e4t, Richtigkeit und Vollst\u00e4ndigkeit der auf der Website bereitgestellten Informationen und Daten \u00fcbernehmen. Der Nutzer erkennt an, dass der Zugang zur und die Nutzung der Website sowie die Verwendung der auf ihr bereitgestellten Informationen ausschlie\u00dflich in seiner pers\u00f6nlichen Verantwortung liegen.<\/p><p>MAKANA KNOWLEDGE ist weder f\u00fcr die Aktualisierung, Verbesserung, Erneuerung oder L\u00f6schung von Informationen auf der Website verantwortlich noch f\u00fcr die Wartung der Website oder der Netzwerke und Computersysteme (im Besitz von MAKANA KNOWLEDGE oder anderen).<\/p><p>Diese Website kann Links zu anderen Websites enthalten, die von Dritten unterhalten werden. Die Aufnahme eines solchen Links bedeutet nicht, dass MAKANA KNOWLEDGE die Inhalte der verlinkten Seiten in irgendeiner Weise billigt. MAKANA KNOWLEDGE hat keine Kontrolle \u00fcber die verlinkten Seiten und MAKANA KNOWLEDGE gibt keine Garantie f\u00fcr den Inhalt dieser Seiten, b\u00fcrgt nicht f\u00fcr die Qualit\u00e4t der auf diesen Seiten angebotenen Dienstleistungen und Informationen und ist nicht verantwortlich oder haftbar f\u00fcr Inhalte, Informationen oder andere Materialien, die auf diesen Seiten verf\u00fcgbar sind.<\/p><p>MAKANA KNOWLEDGE garantiert in keiner Weise die Sicherheit der Website und kann insbesondere nicht ausschlie\u00dfen, dass unbefugte Dritte Zugang zu den vom Nutzer auf der Website eingegebenen Daten erhalten oder dass solche Eingaben abgefangen und\/oder manipuliert werden.<\/p><p>MAKANA KNOWLEDGE \u00fcbernimmt keinerlei Haftung f\u00fcr Verluste, Kosten, Schadensersatz oder entgangenen Gewinn, die direkt oder indirekt aus der Bereitstellung der Website f\u00fcr den Nutzer oder der Nutzung der Website durch den Nutzer oder Dritte oder aus dem von der Website vermittelten Zugang zu anderen Websites entstehen.<\/p><p>Dieser Haftungsausschluss erstreckt sich auch auf die Gesch\u00e4ftsleitung und die Mitarbeiter von MAKANA KNOWLEDGE.<\/p><p>DIESE FREI ZUG\u00c4NGLICHE WEBSITE UND ALLE DARIN ENTHALTENEN INFORMATIONEN WERDEN OHNE M\u00c4NGELGEW\u00c4HR UND OHNE JEGLICHE AUSDR\u00dcCKLICHE ODER STILLSCHWEIGENDE GARANTIE ZUR VERF\u00dcGUNG GESTELLT, EINSCHLIESSLICH UND OHNE EINSCHR\u00c4NKUNG DER STILLSCHWEIGENDEN GARANTIE DER MARKTG\u00c4NGIGKEIT, DER NICHTVERLETZUNG VON RECHTEN DRITTER, DER FREIHEIT VON VIREN ODER ANDEREM SCH\u00c4DLICHEN CODE ODER DER EIGNUNG F\u00dcR EINEN BESTIMMTEN ZWECK. SIE ERKENNEN HIERMIT AN, DASS DIE NUTZUNG DIESER WEBSITE AUF IHR EIGENES RISIKO ERFOLGT.<\/p><p><strong>Beaufsichtigung<\/strong><\/p><p>MAKANA KNOWLEDGE GmbH ist in keiner Jurisdiktion f\u00fcr die Erbringung von regulierten Dienstleistungen lizenziert.<\/p><p><strong>Datenschutz<\/strong><\/p><p>MAKANA KNOWLEDGE verarbeitet die Daten der Nutzer in \u00dcbereinstimmung mit den Datenschutzrichtlinien der Website.<\/p><p><strong>Anwendbares Recht<\/strong><\/p><p>Diese Website und alle auf ihr ver\u00f6ffentlichten Informationen (einschlie\u00dflich dieses Haftungsausschlusses) unterliegen dem deutschen Recht. F\u00fcr die Entscheidung von Streitigkeiten im Zusammenhang mit der Website und den darauf bereitgestellten Informationen sind ausschlie\u00dflich deutsche Gerichte zust\u00e4ndig.<\/p>\t\t\t\t\t\t\t\t<\/div>\n\t\t\t\t<\/div>\n\t\t\t\t\t<\/div>\n\t\t<\/div>\n\t\t\t\t\t<\/div>\n\t\t<\/section>\n\t\t\t\t<\/div>\n\t\t","protected":false},"excerpt":{"rendered":"<p>Nutzungsbedingungen der Webseite Die nachfolgenden Bedingungen gelten f\u00fcr die Nutzung der Website www.luminlucid.com (nachfolgend &#8222;Website&#8220; genannt) der Makana Knowledge GmbH. (nachfolgend &#8222;MAKANA KNOWLEDGE&#8220; genannt). Mit dem Abruf der Website und der Nutzung der dort bereitgestellten Informationen erkl\u00e4rt der Nutzer sein Einverst\u00e4ndnis mit diesen Bedingungen. Soweit die Bedingungen f\u00fcr bestimmte Produkte und Dienstleistungen von diesen Bedingungen [&hellip;]<\/p>\n","protected":false},"author":1,"featured_media":0,"parent":0,"menu_order":53,"comment_status":"closed","ping_status":"closed","template":"","meta":{"_acf_changed":false,"pmpro_default_level":"","site-sidebar-layout":"default","site-content-layout":"default","ast-site-content-layout":"default","site-content-style":"default","site-sidebar-style":"default","ast-global-header-display":"","ast-banner-title-visibility":"","ast-main-header-display":"","ast-hfb-above-header-display":"","ast-hfb-below-header-display":"","ast-hfb-mobile-header-display":"","site-post-title":"disabled","ast-breadcrumbs-content":"","ast-featured-img":"","footer-sml-layout":"","ast-disable-related-posts":"","theme-transparent-header-meta":"default","adv-header-id-meta":"","stick-header-meta":"default","header-above-stick-meta":"","header-main-stick-meta":"","header-below-stick-meta":"","astra-migrate-meta-layouts":"default","ast-page-background-enabled":"default","ast-page-background-meta":{"desktop":{"background-color":"var(--ast-global-color-4)","background-image":"","background-repeat":"repeat","background-position":"center center","background-size":"auto","background-attachment":"scroll","background-type":"","background-media":"","overlay-type":"","overlay-color":"","overlay-opacity":"","overlay-gradient":""},"tablet":{"background-color":"","background-image":"","background-repeat":"repeat","background-position":"center center","background-size":"auto","background-attachment":"scroll","background-type":"","background-media":"","overlay-type":"","overlay-color":"","overlay-opacity":"","overlay-gradient":""},"mobile":{"background-color":"","background-image":"","background-repeat":"repeat","background-position":"center center","background-size":"auto","background-attachment":"scroll","background-type":"","background-media":"","overlay-type":"","overlay-color":"","overlay-opacity":"","overlay-gradient":""}},"ast-content-background-meta":{"desktop":{"background-color":"var(--ast-global-color-5)","background-image":"","background-repeat":"repeat","background-position":"center center","background-size":"auto","background-attachment":"scroll","background-type":"","background-media":"","overlay-type":"","overlay-color":"","overlay-opacity":"","overlay-gradient":""},"tablet":{"background-color":"var(--ast-global-color-5)","background-image":"","background-repeat":"repeat","background-position":"center center","background-size":"auto","background-attachment":"scroll","background-type":"","background-media":"","overlay-type":"","overlay-color":"","overlay-opacity":"","overlay-gradient":""},"mobile":{"background-color":"var(--ast-global-color-5)","background-image":"","background-repeat":"repeat","background-position":"center center","background-size":"auto","background-attachment":"scroll","background-type":"","background-media":"","overlay-type":"","overlay-color":"","overlay-opacity":"","overlay-gradient":""}},"iawp_total_views":12,"footnotes":""},"class_list":["post-1903","page","type-page","status-publish","hentry","pmpro-has-access"],"acf":[],"_links":{"self":[{"href":"https:\/\/www.luminlucid.com\/de\/wp-json\/wp\/v2\/pages\/1903","targetHints":{"allow":["GET"]}}],"collection":[{"href":"https:\/\/www.luminlucid.com\/de\/wp-json\/wp\/v2\/pages"}],"about":[{"href":"https:\/\/www.luminlucid.com\/de\/wp-json\/wp\/v2\/types\/page"}],"author":[{"embeddable":true,"href":"https:\/\/www.luminlucid.com\/de\/wp-json\/wp\/v2\/users\/1"}],"replies":[{"embeddable":true,"href":"https:\/\/www.luminlucid.com\/de\/wp-json\/wp\/v2\/comments?post=1903"}],"version-history":[{"count":0,"href":"https:\/\/www.luminlucid.com\/de\/wp-json\/wp\/v2\/pages\/1903\/revisions"}],"wp:attachment":[{"href":"https:\/\/www.luminlucid.com\/de\/wp-json\/wp\/v2\/media?parent=1903"}],"curies":[{"name":"wp","href":"https:\/\/api.w.org\/{rel}","templated":true}]}}