{"id":1354,"date":"2022-12-31T15:17:41","date_gmt":"2022-12-31T15:17:41","guid":{"rendered":"https:\/\/www.luminlucid.com\/unautorisierter-zugriff\/"},"modified":"2023-02-01T11:48:20","modified_gmt":"2023-02-01T11:48:20","slug":"unautorisierter-zugriff","status":"publish","type":"page","link":"https:\/\/www.luminlucid.com\/de\/unautorisierter-zugriff\/","title":{"rendered":"Unautorisierter Zugriff"},"content":{"rendered":"<p>[mepr-unauthorized-message]<\/p>\n<hr \/>\n<p>Sehr geehrter LUMINLUCID-Kunde,<\/p>\n<p>Ihr Zugang wurde aufgrund ung\u00fcltiger Anmeldedaten verweigert.<\/p>\n<p>Entweder haben Sie keine Berechtigung, LUMINLUCID zu nutzen oder Sie verwenden ung\u00fcltige Zugangsdaten.<\/p>\n<p>&nbsp;<\/p>\n<p><strong>Lassen Sie uns Ihnen helfen, das Problem zu l\u00f6sen.<\/strong><\/p>\n<p><strong>Schritt 1:<\/strong> Bitte geben Sie eine g\u00fcltige E-Mail-Adresse und ein g\u00fcltiges Passwort ein.<\/p>\n<p><strong>Schritt 2:<\/strong> Machen Sie sich keine Sorgen &#8211; wir helfen Ihnen gerne. Bitte gehen Sie zu &#8222;CONTACT US&#8220; und geben Sie die im Formular geforderten Informationen sowie Ihre E-Mail-Adresse ein, mit der Sie sich bei LUMINLUCID anmelden, und senden Sie das Formular ab. Wir senden Ihnen dann eine Anleitung, wie Sie Ihr Passwort zur\u00fccksetzen k\u00f6nnen. Bitte beachten Sie, dass wir Ihre Identit\u00e4t \u00fcberpr\u00fcfen m\u00fcssen, bevor wir Ihr Passwort zur\u00fccksetzen k\u00f6nnen, falls es Unstimmigkeiten bei den im Formular angegebenen Informationen gibt.<\/p>\n<p>&nbsp;<\/p>\n<p>Mit freundlichen Gr\u00fc\u00dfen<\/p>\n<p>Ihr LUMINLUCID-Team<\/p>\n<p>&nbsp;<\/p>\n","protected":false},"excerpt":{"rendered":"<p>[mepr-unauthorized-message] Sehr geehrter LUMINLUCID-Kunde, Ihr Zugang wurde aufgrund ung\u00fcltiger Anmeldedaten verweigert. Entweder haben Sie keine Berechtigung, LUMINLUCID zu nutzen oder Sie verwenden ung\u00fcltige Zugangsdaten. &nbsp; Lassen Sie uns Ihnen helfen, das Problem zu l\u00f6sen. Schritt 1: Bitte geben Sie eine g\u00fcltige E-Mail-Adresse und ein g\u00fcltiges Passwort ein. Schritt 2: Machen Sie sich keine Sorgen &#8211; [&hellip;]<\/p>\n","protected":false},"author":1,"featured_media":0,"parent":0,"menu_order":51,"comment_status":"closed","ping_status":"closed","template":"","meta":{"_acf_changed":false,"pmpro_default_level":"","site-sidebar-layout":"default","site-content-layout":"default","ast-site-content-layout":"default","site-content-style":"default","site-sidebar-style":"default","ast-global-header-display":"","ast-banner-title-visibility":"","ast-main-header-display":"","ast-hfb-above-header-display":"","ast-hfb-below-header-display":"","ast-hfb-mobile-header-display":"","site-post-title":"","ast-breadcrumbs-content":"","ast-featured-img":"","footer-sml-layout":"","ast-disable-related-posts":"","theme-transparent-header-meta":"default","adv-header-id-meta":"","stick-header-meta":"default","header-above-stick-meta":"","header-main-stick-meta":"","header-below-stick-meta":"","astra-migrate-meta-layouts":"default","ast-page-background-enabled":"default","ast-page-background-meta":{"desktop":{"background-color":"var(--ast-global-color-4)","background-image":"","background-repeat":"repeat","background-position":"center center","background-size":"auto","background-attachment":"scroll","background-type":"","background-media":"","overlay-type":"","overlay-color":"","overlay-opacity":"","overlay-gradient":""},"tablet":{"background-color":"","background-image":"","background-repeat":"repeat","background-position":"center center","background-size":"auto","background-attachment":"scroll","background-type":"","background-media":"","overlay-type":"","overlay-color":"","overlay-opacity":"","overlay-gradient":""},"mobile":{"background-color":"","background-image":"","background-repeat":"repeat","background-position":"center center","background-size":"auto","background-attachment":"scroll","background-type":"","background-media":"","overlay-type":"","overlay-color":"","overlay-opacity":"","overlay-gradient":""}},"ast-content-background-meta":{"desktop":{"background-color":"var(--ast-global-color-5)","background-image":"","background-repeat":"repeat","background-position":"center center","background-size":"auto","background-attachment":"scroll","background-type":"","background-media":"","overlay-type":"","overlay-color":"","overlay-opacity":"","overlay-gradient":""},"tablet":{"background-color":"var(--ast-global-color-5)","background-image":"","background-repeat":"repeat","background-position":"center center","background-size":"auto","background-attachment":"scroll","background-type":"","background-media":"","overlay-type":"","overlay-color":"","overlay-opacity":"","overlay-gradient":""},"mobile":{"background-color":"var(--ast-global-color-5)","background-image":"","background-repeat":"repeat","background-position":"center center","background-size":"auto","background-attachment":"scroll","background-type":"","background-media":"","overlay-type":"","overlay-color":"","overlay-opacity":"","overlay-gradient":""}},"iawp_total_views":2,"footnotes":""},"class_list":["post-1354","page","type-page","status-publish","hentry","pmpro-has-access"],"acf":[],"_links":{"self":[{"href":"https:\/\/www.luminlucid.com\/de\/wp-json\/wp\/v2\/pages\/1354","targetHints":{"allow":["GET"]}}],"collection":[{"href":"https:\/\/www.luminlucid.com\/de\/wp-json\/wp\/v2\/pages"}],"about":[{"href":"https:\/\/www.luminlucid.com\/de\/wp-json\/wp\/v2\/types\/page"}],"author":[{"embeddable":true,"href":"https:\/\/www.luminlucid.com\/de\/wp-json\/wp\/v2\/users\/1"}],"replies":[{"embeddable":true,"href":"https:\/\/www.luminlucid.com\/de\/wp-json\/wp\/v2\/comments?post=1354"}],"version-history":[{"count":0,"href":"https:\/\/www.luminlucid.com\/de\/wp-json\/wp\/v2\/pages\/1354\/revisions"}],"wp:attachment":[{"href":"https:\/\/www.luminlucid.com\/de\/wp-json\/wp\/v2\/media?parent=1354"}],"curies":[{"name":"wp","href":"https:\/\/api.w.org\/{rel}","templated":true}]}}