{"id":1351,"date":"2022-11-30T07:39:07","date_gmt":"2022-11-30T07:39:07","guid":{"rendered":"https:\/\/www.luminlucid.com\/privacy-policy\/"},"modified":"2023-02-04T09:17:12","modified_gmt":"2023-02-04T09:17:12","slug":"privacy-policy","status":"publish","type":"page","link":"https:\/\/www.luminlucid.com\/de\/privacy-policy\/","title":{"rendered":"Datenschutzerkl\u00e4rung"},"content":{"rendered":"<p>Die Makana Knowledge GmbH verpflichtet sich, Ihre Privatsph\u00e4re zu sch\u00fctzen und zu respektieren. Diese Richtlinie (zusammen mit unseren <a href=\"https:\/\/www.luminlucid.com\/de\/website-terms-of-use\/\">Website-Nutzungsbedingungen<\/a>, der <a href=\"https:\/\/www.luminlucid.com\/de\/cookie-policy\/\">Cookie-Richtlinie<\/a> und allen anderen Dokumenten, auf die darin Bezug genommen wird) legt unseren Umgang mit Ihren pers\u00f6nlichen Daten bei der Nutzung <a href=\"https:\/\/luminlucid.com\/\">dieser Website<\/a> fest.<\/p>\n<p>Bitte lesen Sie die folgenden Bedingungen sorgf\u00e4ltig durch, um zu verstehen, wie wir mit Ihren pers\u00f6nlichen Daten umgehen werden.<\/p>\n<h4>\u00dcber uns<\/h4>\n<p>Makana Knowledge GmbH ist eine in Deutschland gegr\u00fcndete Gesellschaft mit beschr\u00e4nkter Haftung, eingetragen im Handelsregister des Amtsgerichts Darmstadt unter der Nr. 100 710 mit Sitz in der Havelstra\u00dfe 16, 64295 Darmstadt, Deutschland. Makana Knowledge GmbH ist der f\u00fcr die Datenverarbeitung Verantwortliche in Bezug auf Ihre pers\u00f6nlichen Daten. Das bedeutet, dass wir daf\u00fcr verantwortlich sind, zu entscheiden, wie Ihre pers\u00f6nlichen Daten gespeichert und verarbeitet werden.<\/p>\n<p>Wenn Sie Fragen haben oder weitere Informationen zu Ihren Daten und unserer Website w\u00fcnschen, wenden Sie sich bitte an privacy@makanaknowledge.com, Makana Knowledge GmbH, Havelstra\u00dfe 16, 64295 Darmstadt, Deutschland, Tel: +49 (0)6151 7872799.<\/p>\n<h4>Pers\u00f6nliche Daten und unsere Website<\/h4>\n<p>Personenbezogene Daten sind alle Informationen \u00fcber eine lebende Person, anhand derer diese Person identifiziert werden kann.<\/p>\n<p>Au\u00dfer wie in unserer <a href=\"https:\/\/www.luminlucid.com\/de\/cookie-policy\/\">Cookie-Richtlinie<\/a> dargelegt, sammelt die Makana Knowledge GmbH keine pers\u00f6nlichen Daten durch Ihren Besuch oder Ihre Nutzung der Website.\u00a0 Folglich folgt, f\u00e4ngt, verfolgt, verarbeitet, teilt, \u00fcbertr\u00e4gt, speichert, verkauft oder kommerzialisiert Makana Knowledge GmbH keine Ihrer pers\u00f6nlichen Daten \u00fcber die Website oder aus der Website heraus.<\/p>\n<p>Das Gesch\u00e4ftsmodell zum Betrieb der Plattform LUMINLUCID ist nicht datenbasiert. Einnahmen aus dem Betrieb der Plattform entstehen rein aus dem Lizenzgesch\u00e4ft durch vertraglich geregelte Entgelte mit Firmenkunden (B2B) in Form von Unique User ID Zug\u00e4ngen.<\/p>\n<p>Makana Knowledge GmbH beauftragt ein drittes Unternehmen, <a href=\"https:\/\/www.simple-web-solutions.de\/\" target=\"_blank\" rel=\"noopener\">Simple Web-Solutions GmbH<\/a>, mit dem technischen Hosting und der Verarbeitung der LUMINLUCID\u00ae-Website, die unter der Makana Knowledge GmbH betrieben wird. Dies erfordert die Verarbeitung von Daten \u00fcber die Nutzung der Website, bei denen es sich m\u00f6glicherweise um personenbezogene Daten handelt. Sie tut dies, um die Bereitstellung und den Betrieb der Website zu optimieren. In dieser Vereinbarung ist diese Verarbeitung personenbezogener Daten durch den technischen Hoster und den Auftragsverarbeiter als Datenverarbeitung gem\u00e4\u00df Artikel 28 der Verordnung (EU) 2016\/679 (&#8222;GDPR&#8220;) zu qualifizieren.<\/p>\n<p>Makana Knowledge GmbH agiert als operativer Datenverarbeiter und Simple Web-Solutions GmbH agiert als technischer Datenhoster in Bezug auf Ihre personenbezogenen Daten. Der Auftragsverarbeiter und der technische Hoster gew\u00e4hrleisten die Sicherheit der Verarbeitung und des Hostings in \u00dcbereinstimmung mit dem geltenden Recht und ergreifen Datensicherheitsma\u00dfnahmen, um ein dem Risiko angemessenes Schutzniveau in Bezug auf die Vertraulichkeit, Integrit\u00e4t, Verf\u00fcgbarkeit und Belastbarkeit der Systeme zu gew\u00e4hrleisten.<\/p>\n<h4>Welche Informationen werden gesammelt und wie werden sie verwendet?<\/h4>\n<p>Simple Web-Solutions GmbH (die von Makana Knowledge GmbH mit dem technischen Hosting unserer Website beauftragt ist) verarbeitet personenbezogene Daten, damit unsere Website technisch effektiv und sicher betrieben werden kann und Ihnen den bestm\u00f6glichen Service bietet. Die von Simple Web-Solutions GmbH verarbeiteten Informationen h\u00e4ngen vom Kontext Ihrer Interaktionen mit unserer Website ab. Sie h\u00e4ngen auch von den Entscheidungen ab, die Sie treffen, z.B. von den Funktionen, die Sie nutzen, und von Ihren Datenschutz- und Sicherheitseinstellungen innerhalb Ihrer eigenen Systeme. Sie k\u00f6nnen sich durch diese Einstellungen daf\u00fcr entscheiden, bestimmte Informationen nicht zur Verf\u00fcgung zu stellen. Wenn Sie dies jedoch tun und diese Informationen erforderlich sind, um eine bestimmte Funktion, ein bestimmtes Bild, einen bestimmten Inhalt oder ein bestimmtes Medienformat zur Verf\u00fcgung zu stellen, k\u00f6nnen Sie diese Funktion m\u00f6glicherweise nicht nutzen oder diesen Inhalt nicht ansehen. Wir werden Ihre personenbezogenen Daten nur dann verwenden, wenn wir eine g\u00fcltige gesetzliche Grundlage daf\u00fcr haben und dar\u00fcber hinaus eine vertragliche Verpflichtung zur Erf\u00fcllung unserer Verpflichtungen aus der Auftragsverarbeitungsvereinbarung (AVV) gem\u00e4\u00df der DSGVO\/GDPR f\u00fcr unsere B2B-Kunden innerhalb des eingeschr\u00e4nkten Login-Bereichs der Website.<\/p>\n<h6>Welche Informationen verarbeitet die Simple Web-Solutions GmbH in unserem Auftrag \u00fcber Sie, um die Website technisch zu betreiben?<\/h6>\n<ul>\n<li>Ger\u00e4te- und Nutzungsdaten, einschlie\u00dflich IP-Adressen und Ger\u00e4tekennungen<\/li>\n<li>Informationen \u00fcber Ger\u00e4teereignisse, einschlie\u00dflich Absturzprotokolle, Hardwareeinstellungen, Browsertyp und Browsersprache<\/li>\n<\/ul>\n<h6>Wie wird Simple Web-Solutions GmbH Informationen \u00fcber Sie sammeln?<\/h6>\n<p>Personenbezogene Daten k\u00f6nnen gesammelt werden:<\/p>\n<ul>\n<li>Automatisch und in den Serverprotokollen gespeichert, wenn Sie mit unserer Website interagieren<\/li>\n<li>Von Ihrer IP-Adresse<\/li>\n<li>Von Cookies und \u00e4hnlichen Technologien<\/li>\n<\/ul>\n<h6>Warum verarbeitet Simple Web-Solutions GmbH Informationen \u00fcber Sie?<\/h6>\n<ul>\n<li>Um die Sicherheit unserer Website zu sch\u00fctzen und um Betrug zu verhindern<\/li>\n<li>Um den Verkehr auf unserer Website zu analysieren<\/li>\n<li>Um unsere Dienstleistungen anzubieten und zu verbessern<\/li>\n<\/ul>\n<h6>Was ist die rechtliche Grundlage f\u00fcr die Verarbeitung Ihrer Daten?<\/h6>\n<p>Damit wir unsere legitimen Interessen verfolgen k\u00f6nnen, um:<\/p>\n<ul>\n<li>zu verstehen, wie unsere Website genutzt wird;<\/li>\n<li>die Nutzererfahrung auf unserer Website zu verbessern<\/li>\n<li>die Sicherheit unserer Website zu gew\u00e4hrleisten; und<\/li>\n<li>unsere Rechte zu sch\u00fctzen<\/li>\n<\/ul>\n<p>Unsere Grundlage f\u00fcr die Verarbeitung personenbezogener Daten durch Cookies ist die Zustimmung.<\/p>\n<h6>Mehr \u00fcber die verarbeiteten Informationen und warum<\/h6>\n<p>Wir sind verpflichtet, personenbezogene Daten rechtm\u00e4\u00dfig zu verarbeiten, und wir haben h\u00f6chsten Respekt vor personenbezogenen Daten im Allgemeinen und Respekt vor unseren Nutzern und unseren B2B-Kunden im Besonderen. In den F\u00e4llen, in denen wir eine Rechtsgrundlage haben, um Ihre personenbezogenen Daten ohne Ihre Zustimmung zu verarbeiten (wie oben f\u00fcr einen bestimmten Zweck dargelegt), erf\u00fcllt diese Richtlinie diese Pflicht, indem sie Sie in angemessener Weise \u00fcber die Art und Weise der Verarbeitung Ihrer personenbezogenen Daten informiert und aufkl\u00e4rt.<\/p>\n<p>Bitte beachten Sie, dass wir Ihre personenbezogenen Daten ohne Ihr Wissen oder Ihre Zustimmung gem\u00e4\u00df den oben genannten Bestimmungen verarbeiten k\u00f6nnen, wenn dies gesetzlich vorgeschrieben oder erlaubt ist oder wenn wir vertraglich verpflichtet sind, unsere Verpflichtungen aus der Auftragsverarbeitungsvereinbarung (AVV) gem\u00e4\u00df DSGVO\/GDPR f\u00fcr unsere B2B-Kunden im eingeschr\u00e4nkten Login-Bereich der Website zu erf\u00fcllen.<\/p>\n<h4>Weitergabe Ihrer Informationen<\/h4>\n<p>Sie nehmen zur Kenntnis, dass wir Ihre personenbezogenen Daten nur mit Ihrer Zustimmung oder soweit erforderlich mit dem ausschlie\u00dflich ausgew\u00e4hlten Drittdienstleister, wie Simple Web-Solutions GmbH, und anderen ausschlie\u00dflich ausgew\u00e4hlten Unternehmen, die mit unserem Gesch\u00e4ft verbunden sind, verarbeiten, f\u00fcr die Sie sich entscheiden k\u00f6nnen, direkt \u00fcber unsere Website, \u00fcber ein Formular und nur innerhalb des eingeschr\u00e4nkten Login-Kundenbereichs auf dieser Website Kontakt aufzunehmen. Der Anbieter und die mit ihm verbundenen Unternehmen sind in unseren Kooperationsrahmen eingebunden, der uns entweder bei der Durchf\u00fchrung der oben genannten technischen Verarbeitungsaktivit\u00e4ten oder bei der Bearbeitung Ihrer proaktiven Anfrage unterst\u00fctzt. Wir beschr\u00e4nken den Zugriff auf Ihre pers\u00f6nlichen Daten, die Sie in das Formular eingegeben haben und die Sie dem ausgew\u00e4hlten Unternehmen \u00fcbermittelt haben. Das ausgew\u00e4hlte Unternehmen hat also eine gesch\u00e4ftliche Notwendigkeit und einen von Ihnen legitimierten Zugang, um Ihre personenbezogenen Daten zu Ihren Diensten zu erhalten und zu verarbeiten. Durch unsere Vereinbarungen mit unseren exklusiv ausgew\u00e4hlten Unternehmen ist jedes von ihnen angewiesen, Ihre pers\u00f6nlichen Daten nach Erhalt zu verarbeiten, und jedes Unternehmen ist zur Vertraulichkeit verpflichtet.<\/p>\n<p>Wir verlangen von unserem Drittdienstleister und allen anderen mit uns verbundenen Unternehmen, dass sie angemessene und strenge Sicherheitsma\u00dfnahmen ergreifen, um Ihre personenbezogenen Daten in \u00dcbereinstimmung mit unseren Richtlinien und dem Gesetz zu sch\u00fctzen. Wir gestatten unserem Drittdienstleister nicht, Ihre pers\u00f6nlichen Daten f\u00fcr eigene Zwecke zu verwenden, und erlauben ihm nur, Ihre pers\u00f6nlichen Daten, die durch das ausgef\u00fcllte Formular \u00fcbermittelt werden, f\u00fcr diesen bestimmten Zweck gem\u00e4\u00df Ihrer proaktiven, gezielten Anfrage zu verarbeiten.<\/p>\n<h4>Speicherung Ihrer pers\u00f6nlichen Daten<\/h4>\n<h6>F\u00fcr allgemeine Besucher unserer Website:<\/h6>\n<p>Ihre pers\u00f6nlichen Daten werden nicht gespeichert, wenn Sie unsere Website besuchen und darin navigieren. Nur wenn Sie uns \u00fcber das Kontaktformular kontaktieren, erhalten wir Ihre expliziten Daten und die Nachricht, die Sie in dieses Formular eingegeben und uns proaktiv \u00fcbermittelt haben, um Ihre Frage zu beantworten.\u00a0 Ihre pers\u00f6nlichen Daten werden nur so lange aufbewahrt, wie es f\u00fcr die Erf\u00fcllung der Zwecke, f\u00fcr die wir sie erhalten haben, erforderlich ist, einschlie\u00dflich der Erf\u00fcllung gesetzlicher, buchhalterischer oder berichtender Verpflichtungen. Sofern wir Sie nicht anderweitig informieren (oder Sie uns auffordern, Ihre \u00fcber das Kontaktformular erhaltenen personenbezogenen Daten zu l\u00f6schen), werden Ihre \u00fcber das Kontaktformular erhaltenen personenbezogenen Daten f\u00fcr die Dauer von einem Jahr aufbewahrt und dann gel\u00f6scht.<\/p>\n<h6>F\u00fcr unsere B2B-Kunden und deren lizenzierte Nutzer von LUMINLUCID<\/h6>\n<p>F\u00fcr unsere B2B-Kunden und deren lizenzierte Nutzer von LUMINLUCID sind wir vertraglich verpflichtet, unsere Verpflichtungen aus der Auftragsverarbeitungsvereinbarung (AVV) gem\u00e4\u00df der DSGVO\/GDPR innerhalb des eingeschr\u00e4nkten Login-Bereichs der Website zu erf\u00fcllen. Dies schlie\u00dft die Speicherung personenbezogener Daten zum Zwecke der Einrichtung eindeutiger benannter Benutzerkennungen (UUIDs) ein, was die Speicherung der zu diesem Zweck und unter den Bedingungen aktiver Kundenlizenzvertr\u00e4ge erforderlichen personenbezogenen Daten einschlie\u00dft.<\/p>\n<p>Die f\u00fcr die oben genannten Zwecke erhaltenen, gespeicherten und verarbeiteten personenbezogenen Daten werden nur innerhalb des Europ\u00e4ischen Wirtschaftsraums gespeichert und verarbeitet. Die Server, auf denen die LUMINLUCID-Daten gehostet und verarbeitet werden, befinden sich in Deutschland. Wir stellen sicher, dass Ihre gespeicherten und verarbeiteten personenbezogenen Daten jederzeit das Schutzniveau erhalten und gem\u00e4\u00df den EU-Gesetzen, insbesondere gem\u00e4\u00df DSGVO\/GDPR, behandelt werden.<\/p>\n<p>Wenn Sie weitere Informationen zu diesen Schutzma\u00dfnahmen w\u00fcnschen, wenden Sie sich bitte an privacy@makanaknowledge.com, Makana Knowledge GmbH, Havelstra\u00dfe 16, 64295 Darmstadt, Deutschland, Tel: +49 (0)6151 7872799.<\/p>\n<h4>Informationen zum Schutze Ihrer Kinder<\/h4>\n<p>Wir verarbeiten oder speichern nicht wissentlich Informationen von Kindern unter 16 Jahren. Wenn Sie feststellen, dass Ihr Kind oder ein Kind in Ihrer Obhut uns ohne Ihre Zustimmung Informationen zur Verf\u00fcgung gestellt hat, wenden Sie sich bitte an privacy@makanaknowledge.com, Makana Knowledge GmbH, Havelstra\u00dfe 16, 64295 Darmstadt, Deutschland, Tel.: +49 (0)6151 7872799.<\/p>\n<h6>Die Sicherheit Ihrer Informationen<\/h6>\n<p>Alle Informationen, die Sie \u00fcber unsere Website eingeben, werden auf sicheren Servern gespeichert. Wir haben geeignete Ma\u00dfnahmen ergriffen, um die Sicherheit Ihrer Daten zu gew\u00e4hrleisten.<\/p>\n<p>Die \u00dcbertragung von Informationen \u00fcber das Internet ist nicht v\u00f6llig sicher. Obwohl wir unser Bestes tun, um Ihre pers\u00f6nlichen Daten zu sch\u00fctzen, k\u00f6nnen wir die Sicherheit der an unsere Website \u00fcbermittelten Informationen nicht garantieren, und Sie erkennen an, dass jede \u00dcbertragung auf Ihr eigenes Risiko erfolgt. Sobald wir Ihre Daten erhalten haben, werden wir strenge Verfahren und Sicherheitsvorkehrungen anwenden, um einen unbefugten Zugriff oder eine versehentliche Offenlegung zu verhindern.<\/p>\n<h4>Ihre Rechte<\/h4>\n<p>Obwohl die Makana Knowledge GmbH selbst nicht \u00fcber Ihre pers\u00f6nlichen Daten verf\u00fcgt und diese auch nicht verarbeitet, haben wir im Folgenden Ihre Rechte als Einzelperson und als allgemeiner Besucher unserer Website im Rahmen des Datenschutzgesetzes dargelegt.\u00a0 Einzelpersonen haben das Recht, auf die \u00fcber sie gespeicherten Daten zuzugreifen und unter bestimmten Umst\u00e4nden deren Berichtigung oder L\u00f6schung zu verlangen. Dieses Recht h\u00e4ngt davon ab, ob Daten \u00fcber die betreffende Person gespeichert sind und ob bestimmte Bedingungen erf\u00fcllt sind. Im Folgenden finden Sie eine Zusammenfassung Ihrer Rechte gem\u00e4\u00df dem Gesetz:<\/p>\n<ul>\n<li>Beantragen Sie Zugang zu Ihren pers\u00f6nlichen Daten (allgemein bekannt als &#8222;Antrag auf Zugang zu den Daten&#8220;). Auf diese Weise k\u00f6nnen Sie eine Kopie der \u00fcber Sie gespeicherten personenbezogenen Daten erhalten und \u00fcberpr\u00fcfen, ob diese rechtm\u00e4\u00dfig verarbeitet werden.<\/li>\n<li>Sie k\u00f6nnen die Berichtigung oder L\u00f6schung Ihrer personenbezogenen Daten verlangen (es sei denn, es besteht ein gesetzliches Recht oder eine Pflicht zur Aufbewahrung der Daten). Sie haben auch das Recht, die L\u00f6schung oder Entfernung Ihrer personenbezogenen Daten zu verlangen, wenn Sie von Ihrem Recht Gebrauch gemacht haben, der Verarbeitung zu widersprechen (siehe unten).<\/li>\n<li>Widerspruch gegen die Verarbeitung Ihrer personenbezogenen Daten (die wir \u00fcber ein von Ihnen ausgef\u00fclltes und eingereichtes Formular erhalten haben), wenn diese Verarbeitung auf einem berechtigten Interesse beruht und es etwas in Ihrer besonderen Situation gibt, das Sie veranlasst, der Verarbeitung aus diesem Grund zu widersprechen.<\/li>\n<li>Beantragen Sie die Einschr\u00e4nkung der Verarbeitung Ihrer personenbezogenen Daten. Auf diese Weise k\u00f6nnen Sie die Aussetzung der Verarbeitung Ihrer personenbezogenen Daten beantragen, z. B. wenn Sie m\u00f6chten, dass wir die Richtigkeit der Daten oder den Grund f\u00fcr ihre Verarbeitung \u00fcberpr\u00fcfen.<\/li>\n<li>Die \u00dcbermittlung Ihrer personenbezogenen Daten an eine andere Partei zu verlangen.<\/li>\n<li>Sie k\u00f6nnen beantragen, dass Ihr Benutzerzugang und Ihre personenbezogenen Daten (aus Ihrer Nutzung als ehemals lizenzierter Benutzer) f\u00fcr einen begrenzten Zeitraum (die \u00dcbergangszeit) auf der LUMINLUCID-Plattform aufbewahrt werden. Die Gew\u00e4hrung der M\u00f6glichkeit, Ihren Zugang und Ihre pers\u00f6nlichen Daten auf LUMINLUCID bis zur L\u00f6schung oder \u00dcbertragung auf ein neues, separates lizenziertes Benutzerkonto aufzubewahren, unterliegt einer aufzusetzenden Vereinbarung zwischen LUMINLUCID und dem Nutzer, die die \u00dcbergangszeit und die \u00dcbertragung auf Wunsch regelt.<\/li>\n<li>Sie k\u00f6nnen Ihre Datenverarbeitungspr\u00e4ferenzen jederzeit \u00e4ndern.<\/li>\n<\/ul>\n<p>Wenn Sie eines der oben genannten Rechte aus\u00fcben m\u00f6chten, wenden Sie sich bitte an, Makana Knowledge GmbH, Havelstra\u00dfe 16, 64295 Darmstadt, Deutschland, Tel: +49 (0)6151 7872799 oder per E-Mail an privacy@makanaknowledge.com.<\/p>\n<p>F\u00fcr den Zugriff auf Ihre pers\u00f6nlichen Daten (oder die Aus\u00fcbung anderer Rechte) m\u00fcssen Sie keine Geb\u00fchr bezahlen. Es kann jedoch eine angemessene Geb\u00fchr erhoben werden, wenn Ihr Antrag auf Zugang offensichtlich unbegr\u00fcndet oder \u00fcbertrieben ist. Alternativ k\u00f6nnen wir uns unter solchen Umst\u00e4nden weigern, der Anfrage nachzukommen.<\/p>\n<p>Es kann sein, dass wir bestimmte Informationen von Ihnen anfordern m\u00fcssen, um Ihre Identit\u00e4t zu best\u00e4tigen und Ihr Recht auf Zugang zu den Informationen (oder auf die Aus\u00fcbung Ihrer anderen Rechte) zu gew\u00e4hrleisten. Dies ist eine weitere angemessene Sicherheitsma\u00dfnahme, um sicherzustellen, dass personenbezogene Daten nicht an Personen weitergegeben werden, die kein Recht haben, sie zu erhalten.<\/p>\n<p>In den begrenzten F\u00e4llen, in denen wir uns auf Ihre Einwilligung als Rechtsgrundlage f\u00fcr die Verarbeitung Ihrer personenbezogenen Daten f\u00fcr einen bestimmten Zweck st\u00fctzen, haben Sie das Recht, Ihre Einwilligung f\u00fcr diese spezifische Verarbeitung jederzeit zu widerrufen. Um Ihre Zustimmung zu widerrufen, wenden Sie sich bitte an privacy@makanaknowledge.com, Makana Knowledge GmbH, Havelstra\u00dfe 16, 64295 Darmstadt, Deutschland, Tel: +49 (0)6151 7872799.<\/p>\n<p>Sobald wir wissen, dass Sie Ihre Einwilligung zur\u00fcckgezogen haben, werden wir Ihre Daten nicht mehr f\u00fcr den Zweck oder die Zwecke verarbeiten, denen Sie urspr\u00fcnglich zugestimmt oder die Sie von uns verlangt haben, es sei denn, wir haben eine andere legitime gesetzliche Grundlage daf\u00fcr.<\/p>\n<h4>Andere Websites<\/h4>\n<p>Unsere Website kann Links zu anderen Websites enthalten. Diese Datenschutzrichtlinie gilt nur f\u00fcr diese Website. Wenn Sie also einen Link zu einer anderen Website herstellen, sollten Sie deren eigene Datenschutzrichtlinien lesen.<\/p>\n<h4>\u00c4nderungen an dieser Datenschutzrichtlinie<\/h4>\n<p>Wir \u00fcberpr\u00fcfen unsere Datenschutzrichtlinien regelm\u00e4\u00dfig und werden alle Aktualisierungen auf dieser Webseite ver\u00f6ffentlichen. Diese Datenschutzrichtlinie wurde zuletzt im Februar 2023 aktualisiert.<\/p>\n<h4>Wie Sie uns kontaktieren k\u00f6nnen und Beschwerden<\/h4>\n<p>Wenn Sie Fragen zu dieser Datenschutzrichtlinie oder zum Umgang mit Ihren pers\u00f6nlichen Daten haben, wenden Sie sich bitte an privacy@makanaknowledge.com, Makana Knowledge GmbH, Havelstra\u00dfe 16, 64295 Darmstadt, Deutschland, Tel.: +49 (0)6151 7872799.<\/p>\n<p>Wenn Sie aus irgendeinem Grund mit der Art und Weise, wie wir Ihre pers\u00f6nlichen Daten behandelt oder verarbeitet haben, nicht zufrieden sind, wenden Sie sich bitte an privacy@makanaknowledge.com, Makana Knowledge GmbH, Havelstra\u00dfe 16, 64295 Darmstadt, Deutschland, Tel.: +49 (0)6151 7872799.<\/p>\n<p>Wenn Sie immer noch nicht zufrieden sind, haben Sie das Recht, eine Beschwerde beim Information Commissioner&#8217;s Office einzureichen, siehe:<\/p>\n<p><a href=\"https:\/\/www.bfdi.bund.de\/EN\/Service\/Anschriften\/Laender\/Laender-node.html\" target=\"_blank\" rel=\"noopener\">https:\/\/www.bfdi.bund.de\/EN\/Service\/Anschriften\/Laender\/Laender-node.html<\/a><\/p>\n<p><a href=\"https:\/\/edps.europa.eu\/data-protection\/our-role-supervisor\/complaints_de\" target=\"_blank\" rel=\"noopener\">https:\/\/edps.europa.eu\/data-protection\/our-role-supervisor\/complaints_de<\/a><\/p>\n","protected":false},"excerpt":{"rendered":"<p>Die Makana Knowledge GmbH verpflichtet sich, Ihre Privatsph\u00e4re zu sch\u00fctzen und zu respektieren. Diese Richtlinie (zusammen mit unseren Website-Nutzungsbedingungen, der Cookie-Richtlinie und allen anderen Dokumenten, auf die darin Bezug genommen wird) legt unseren Umgang mit Ihren pers\u00f6nlichen Daten bei der Nutzung dieser Website fest. Bitte lesen Sie die folgenden Bedingungen sorgf\u00e4ltig durch, um zu verstehen, [&hellip;]<\/p>\n","protected":false},"author":1,"featured_media":0,"parent":0,"menu_order":33,"comment_status":"closed","ping_status":"closed","template":"","meta":{"_acf_changed":false,"pmpro_default_level":"","site-sidebar-layout":"default","site-content-layout":"default","ast-site-content-layout":"default","site-content-style":"default","site-sidebar-style":"default","ast-global-header-display":"","ast-banner-title-visibility":"","ast-main-header-display":"","ast-hfb-above-header-display":"","ast-hfb-below-header-display":"","ast-hfb-mobile-header-display":"","site-post-title":"","ast-breadcrumbs-content":"","ast-featured-img":"","footer-sml-layout":"","ast-disable-related-posts":"","theme-transparent-header-meta":"default","adv-header-id-meta":"","stick-header-meta":"default","header-above-stick-meta":"","header-main-stick-meta":"","header-below-stick-meta":"","astra-migrate-meta-layouts":"default","ast-page-background-enabled":"default","ast-page-background-meta":{"desktop":{"background-color":"var(--ast-global-color-4)","background-image":"","background-repeat":"repeat","background-position":"center center","background-size":"auto","background-attachment":"scroll","background-type":"","background-media":"","overlay-type":"","overlay-color":"","overlay-opacity":"","overlay-gradient":""},"tablet":{"background-color":"","background-image":"","background-repeat":"repeat","background-position":"center center","background-size":"auto","background-attachment":"scroll","background-type":"","background-media":"","overlay-type":"","overlay-color":"","overlay-opacity":"","overlay-gradient":""},"mobile":{"background-color":"","background-image":"","background-repeat":"repeat","background-position":"center center","background-size":"auto","background-attachment":"scroll","background-type":"","background-media":"","overlay-type":"","overlay-color":"","overlay-opacity":"","overlay-gradient":""}},"ast-content-background-meta":{"desktop":{"background-color":"var(--ast-global-color-5)","background-image":"","background-repeat":"repeat","background-position":"center center","background-size":"auto","background-attachment":"scroll","background-type":"","background-media":"","overlay-type":"","overlay-color":"","overlay-opacity":"","overlay-gradient":""},"tablet":{"background-color":"var(--ast-global-color-5)","background-image":"","background-repeat":"repeat","background-position":"center center","background-size":"auto","background-attachment":"scroll","background-type":"","background-media":"","overlay-type":"","overlay-color":"","overlay-opacity":"","overlay-gradient":""},"mobile":{"background-color":"var(--ast-global-color-5)","background-image":"","background-repeat":"repeat","background-position":"center center","background-size":"auto","background-attachment":"scroll","background-type":"","background-media":"","overlay-type":"","overlay-color":"","overlay-opacity":"","overlay-gradient":""}},"iawp_total_views":33,"footnotes":""},"class_list":["post-1351","page","type-page","status-publish","hentry","pmpro-has-access"],"acf":[],"_links":{"self":[{"href":"https:\/\/www.luminlucid.com\/de\/wp-json\/wp\/v2\/pages\/1351","targetHints":{"allow":["GET"]}}],"collection":[{"href":"https:\/\/www.luminlucid.com\/de\/wp-json\/wp\/v2\/pages"}],"about":[{"href":"https:\/\/www.luminlucid.com\/de\/wp-json\/wp\/v2\/types\/page"}],"author":[{"embeddable":true,"href":"https:\/\/www.luminlucid.com\/de\/wp-json\/wp\/v2\/users\/1"}],"replies":[{"embeddable":true,"href":"https:\/\/www.luminlucid.com\/de\/wp-json\/wp\/v2\/comments?post=1351"}],"version-history":[{"count":0,"href":"https:\/\/www.luminlucid.com\/de\/wp-json\/wp\/v2\/pages\/1351\/revisions"}],"wp:attachment":[{"href":"https:\/\/www.luminlucid.com\/de\/wp-json\/wp\/v2\/media?parent=1351"}],"curies":[{"name":"wp","href":"https:\/\/api.w.org\/{rel}","templated":true}]}}