{"id":1350,"date":"2022-11-30T06:00:54","date_gmt":"2022-11-30T05:00:54","guid":{"rendered":"https:\/\/www.luminlucid.com\/imprint\/"},"modified":"2025-08-05T11:39:52","modified_gmt":"2025-08-05T09:39:52","slug":"imprint","status":"publish","type":"page","link":"https:\/\/www.luminlucid.com\/de\/imprint\/","title":{"rendered":"Impressum"},"content":{"rendered":"\t\t<div data-elementor-type=\"wp-page\" data-elementor-id=\"1350\" class=\"elementor elementor-1350 elementor-71\" data-elementor-post-type=\"page\">\n\t\t\t\t\t\t<section class=\"elementor-section elementor-top-section elementor-element elementor-element-df16222 elementor-section-boxed elementor-section-height-default elementor-section-height-default\" data-id=\"df16222\" data-element_type=\"section\" data-e-type=\"section\">\n\t\t\t\t\t\t<div class=\"elementor-container elementor-column-gap-default\">\n\t\t\t\t\t<div class=\"elementor-column elementor-col-100 elementor-top-column elementor-element elementor-element-5b780aa3\" data-id=\"5b780aa3\" data-element_type=\"column\" data-e-type=\"column\">\n\t\t\t<div class=\"elementor-widget-wrap elementor-element-populated\">\n\t\t\t\t\t\t<div class=\"elementor-element elementor-element-6da38610 elementor-widget elementor-widget-text-editor\" data-id=\"6da38610\" data-element_type=\"widget\" data-e-type=\"widget\" data-widget_type=\"text-editor.default\">\n\t\t\t\t<div class=\"elementor-widget-container\">\n\t\t\t\t\t\t\t\t\t<p class=\"font_8\" style=\"text-align: center;\">Makana Knowledge GmbH<\/p><p class=\"font_8\" style=\"text-align: center;\">Havelstrasse 16<\/p><p class=\"font_8\" style=\"text-align: center;\">64295 Darmstadt | Deutschland<\/p><p class=\"font_8\" style=\"text-align: center;\">Telefon: +49 6151 7 87 27 99<br \/><a href=\"mailto:info@luminlucid.com\" target=\"_self\" rel=\"noopener\">info@luminlucid.com<\/a><\/p><p class=\"font_8\" style=\"text-align: center;\"><a href=\"http:\/\/www.luminlucid.com\/\" target=\"_blank\" rel=\"noopener\">www.luminlucid.com<\/a><\/p><p class=\"font_8\" style=\"text-align: center;\">Makana Knowledge GmbH<\/p><p class=\"font_8\" style=\"text-align: center;\">USt.-IDNr.: DE 333001245<\/p><p class=\"font_8\" style=\"text-align: center;\">Registergericht: Amtsgericht Darmstadt<\/p><p class=\"font_8\" style=\"text-align: center;\">HRB 100710<\/p><p class=\"font_8\" style=\"text-align: center;\">Gesch\u00e4ftsf\u00fchrung: Yvonne El-Rikabi | Akram El-Rikabi<\/p><p><strong>Rechtlicher Hinweis:<\/strong><\/p><p>Die Vervielf\u00e4ltigung von Informationen oder Daten, insbesondere die Verwendung von Videoinhalten, Texten, Textteilen oder Bildmaterial bedarf der ausdr\u00fccklichen vorherigen Zustimmung der Makana Knowledge GmbH.\u00a0<\/p><p><b>Urheberrechtshinweis<\/b><br \/>Alle auf dieser Website ver\u00f6ffentlichten Texte, Bilder, Grafiken und Inhalte unterliegen dem Urheberrecht (\u00a7\u00a7\u202f2,\u202f7,\u202f15 ff. UrhG). Jede Art der Vervielf\u00e4ltigung, Bearbeitung, Verbreitung oder \u00f6ffentlichen Wiedergabe au\u00dferhalb der engen Grenzen des Urheberrechts bedarf der vorherigen schriftlichen Zustimmung der Makana Knowledge GmbH. Unauthorisierte Nutzung wird verfolgt (\u00a7\u202f97 UrhG).<\/p><p><strong>Haftungshinweis:<\/strong><\/p><p>Trotz sorgf\u00e4ltiger inhaltlicher Kontrolle \u00fcbernehmen wir keine Haftung f\u00fcr die Inhalte externer Links. F\u00fcr den Inhalt der verlinkten Seiten sind ausschlie\u00dflich deren Betreiber verantwortlich.<\/p><p><strong>Unternehmensrichtlinie:<\/strong><\/p><p>Wir informieren hiermit alle Beteiligten, dass die Makana Knowledge GmbH keine unaufgeforderten Werbeanrufe an unseren Firmensitz zul\u00e4sst oder akzeptiert. Derartige Anrufe werden sofort beendet und k\u00f6nnen weitere Ma\u00dfnahmen nach sich ziehen. Wir wissen es zu sch\u00e4tzen, dass Sie unsere Richtlinie respektieren und danken Ihnen f\u00fcr Ihr Verst\u00e4ndnis und Ihre Kooperation.<\/p>\t\t\t\t\t\t\t\t<\/div>\n\t\t\t\t<\/div>\n\t\t\t\t\t<\/div>\n\t\t<\/div>\n\t\t\t\t\t<\/div>\n\t\t<\/section>\n\t\t\t\t<\/div>\n\t\t","protected":false},"excerpt":{"rendered":"<p>Makana Knowledge GmbH Havelstrasse 16 64295 Darmstadt | Deutschland Telefon: +49 6151 7 87 27 99info@luminlucid.com www.luminlucid.com Makana Knowledge GmbH USt.-IDNr.: DE 333001245 Registergericht: Amtsgericht Darmstadt HRB 100710 Gesch\u00e4ftsf\u00fchrung: Yvonne El-Rikabi | Akram El-Rikabi Rechtlicher Hinweis: Die Vervielf\u00e4ltigung von Informationen oder Daten, insbesondere die Verwendung von Videoinhalten, Texten, Textteilen oder Bildmaterial bedarf der ausdr\u00fccklichen vorherigen [&hellip;]<\/p>\n","protected":false},"author":1,"featured_media":0,"parent":0,"menu_order":38,"comment_status":"closed","ping_status":"closed","template":"","meta":{"_acf_changed":false,"pmpro_default_level":"","site-sidebar-layout":"default","site-content-layout":"default","ast-site-content-layout":"default","site-content-style":"default","site-sidebar-style":"default","ast-global-header-display":"","ast-banner-title-visibility":"","ast-main-header-display":"","ast-hfb-above-header-display":"","ast-hfb-below-header-display":"","ast-hfb-mobile-header-display":"","site-post-title":"","ast-breadcrumbs-content":"","ast-featured-img":"","footer-sml-layout":"","ast-disable-related-posts":"","theme-transparent-header-meta":"default","adv-header-id-meta":"","stick-header-meta":"default","header-above-stick-meta":"","header-main-stick-meta":"","header-below-stick-meta":"","astra-migrate-meta-layouts":"default","ast-page-background-enabled":"default","ast-page-background-meta":{"desktop":{"background-color":"var(--ast-global-color-4)","background-image":"","background-repeat":"repeat","background-position":"center center","background-size":"auto","background-attachment":"scroll","background-type":"","background-media":"","overlay-type":"","overlay-color":"","overlay-opacity":"","overlay-gradient":""},"tablet":{"background-color":"","background-image":"","background-repeat":"repeat","background-position":"center center","background-size":"auto","background-attachment":"scroll","background-type":"","background-media":"","overlay-type":"","overlay-color":"","overlay-opacity":"","overlay-gradient":""},"mobile":{"background-color":"","background-image":"","background-repeat":"repeat","background-position":"center center","background-size":"auto","background-attachment":"scroll","background-type":"","background-media":"","overlay-type":"","overlay-color":"","overlay-opacity":"","overlay-gradient":""}},"ast-content-background-meta":{"desktop":{"background-color":"var(--ast-global-color-5)","background-image":"","background-repeat":"repeat","background-position":"center center","background-size":"auto","background-attachment":"scroll","background-type":"","background-media":"","overlay-type":"","overlay-color":"","overlay-opacity":"","overlay-gradient":""},"tablet":{"background-color":"var(--ast-global-color-5)","background-image":"","background-repeat":"repeat","background-position":"center center","background-size":"auto","background-attachment":"scroll","background-type":"","background-media":"","overlay-type":"","overlay-color":"","overlay-opacity":"","overlay-gradient":""},"mobile":{"background-color":"var(--ast-global-color-5)","background-image":"","background-repeat":"repeat","background-position":"center center","background-size":"auto","background-attachment":"scroll","background-type":"","background-media":"","overlay-type":"","overlay-color":"","overlay-opacity":"","overlay-gradient":""}},"iawp_total_views":150,"footnotes":""},"class_list":["post-1350","page","type-page","status-publish","hentry","pmpro-has-access"],"acf":[],"_links":{"self":[{"href":"https:\/\/www.luminlucid.com\/de\/wp-json\/wp\/v2\/pages\/1350","targetHints":{"allow":["GET"]}}],"collection":[{"href":"https:\/\/www.luminlucid.com\/de\/wp-json\/wp\/v2\/pages"}],"about":[{"href":"https:\/\/www.luminlucid.com\/de\/wp-json\/wp\/v2\/types\/page"}],"author":[{"embeddable":true,"href":"https:\/\/www.luminlucid.com\/de\/wp-json\/wp\/v2\/users\/1"}],"replies":[{"embeddable":true,"href":"https:\/\/www.luminlucid.com\/de\/wp-json\/wp\/v2\/comments?post=1350"}],"version-history":[{"count":0,"href":"https:\/\/www.luminlucid.com\/de\/wp-json\/wp\/v2\/pages\/1350\/revisions"}],"wp:attachment":[{"href":"https:\/\/www.luminlucid.com\/de\/wp-json\/wp\/v2\/media?parent=1350"}],"curies":[{"name":"wp","href":"https:\/\/api.w.org\/{rel}","templated":true}]}}