{"id":10930,"date":"2025-06-11T18:06:55","date_gmt":"2025-06-11T16:06:55","guid":{"rendered":"https:\/\/www.luminlucid.com\/accessibility\/"},"modified":"2025-06-13T15:03:23","modified_gmt":"2025-06-13T13:03:23","slug":"accessibility","status":"publish","type":"page","link":"https:\/\/www.luminlucid.com\/de\/accessibility\/","title":{"rendered":"Barrierefreiheit"},"content":{"rendered":"\t\t<div data-elementor-type=\"wp-page\" data-elementor-id=\"10930\" class=\"elementor elementor-10930 elementor-10924\" data-elementor-post-type=\"page\">\n\t\t\t\t<div class=\"elementor-element elementor-element-92ca584 e-flex e-con-boxed e-con e-parent\" data-id=\"92ca584\" data-element_type=\"container\" data-e-type=\"container\" data-settings=\"{&quot;background_background&quot;:&quot;classic&quot;}\">\n\t\t\t\t\t<div class=\"e-con-inner\">\n\t\t<div class=\"elementor-element elementor-element-b231d14 e-con-full e-flex e-con e-child\" data-id=\"b231d14\" data-element_type=\"container\" data-e-type=\"container\">\n\t\t\t\t<div class=\"elementor-element elementor-element-7733a4a elementor-widget elementor-widget-heading\" data-id=\"7733a4a\" data-element_type=\"widget\" data-e-type=\"widget\" data-widget_type=\"heading.default\">\n\t\t\t\t<div class=\"elementor-widget-container\">\n\t\t\t\t\t<h1 class=\"elementor-heading-title elementor-size-default\">Barrierefreiheit<\/h1>\t\t\t\t<\/div>\n\t\t\t\t<\/div>\n\t\t\t\t<\/div>\n\t\t\t\t\t<\/div>\n\t\t\t\t<\/div>\n\t\t<div class=\"elementor-element elementor-element-1aa0ce2 e-flex e-con-boxed e-con e-parent\" data-id=\"1aa0ce2\" data-element_type=\"container\" data-e-type=\"container\">\n\t\t\t\t\t<div class=\"e-con-inner\">\n\t\t\t\t<div class=\"elementor-element elementor-element-750847a elementor-widget elementor-widget-heading\" data-id=\"750847a\" data-element_type=\"widget\" data-e-type=\"widget\" data-widget_type=\"heading.default\">\n\t\t\t\t<div class=\"elementor-widget-container\">\n\t\t\t\t\t<h2 class=\"elementor-heading-title elementor-size-default\">Erkl\u00e4rung zur Barrierefreiheit<\/h2>\t\t\t\t<\/div>\n\t\t\t\t<\/div>\n\t\t\t\t<div class=\"elementor-element elementor-element-6553d6b elementor-widget elementor-widget-text-editor\" data-id=\"6553d6b\" data-element_type=\"widget\" data-e-type=\"widget\" data-widget_type=\"text-editor.default\">\n\t\t\t\t<div class=\"elementor-widget-container\">\n\t\t\t\t\t\t\t\t\t<div draggable=\"false\" data-pm-slice=\"1 1 []\" data-en-clipboard=\"true\">Die Makana Knowledge GmbH ist bem\u00fcht, ihre Website und digitalen Inhalte barrierefrei zug\u00e4nglich zu machen, im Einklang mit dem Barrierefreiheitsst\u00e4rkungsgesetz (BFSG).<\/div><div draggable=\"false\">Gem\u00e4\u00df \u00a7 2 Abs. 3 BFSG pr\u00fcfen wir regelm\u00e4\u00dfig, inwiefern Anforderungen zur Barrierefreiheit umgesetzt und verbessert werden k\u00f6nnen.<\/div><p draggable=\"false\"><b>Barrierefreie Elemente<\/b><\/p><ul><li draggable=\"false\"><div draggable=\"false\">Die Inhalte sind weitgehend strukturiert und mit sinnvollen \u00dcberschriften versehen.<\/div><\/li><li draggable=\"false\"><div draggable=\"false\">Die Farbkontraste wurden f\u00fcr eine bessere Lesbarkeit optimiert<\/div><\/li><li draggable=\"false\"><div draggable=\"false\">Die Farb\u00e4nderung und visuelle Hover-Effekt der Schaltfl\u00e4chen bei Mausber\u00fchrung signalisiert deren Klickbarkeit und verbessert die Benutzerf\u00fchrung.<\/div><\/li><li draggable=\"false\"><div draggable=\"false\">Bilder auf der Webseite enthalten beschreibende Alternativ-Texte.<\/div><\/li><li draggable=\"false\"><div draggable=\"false\">Die Website kann mit Tastatur navigiert werden.<\/div><\/li><li draggable=\"false\"><div draggable=\"false\">Schriftgr\u00f6\u00dfen lassen sich \u00fcber den Browser anpassen.<\/div><\/li><li draggable=\"false\"><div draggable=\"false\">Eingebettete Videos enthalten Untertitel.<\/div><\/li><\/ul><p draggable=\"false\"><b>Feedback und Kontakt<\/b><\/p><div draggable=\"false\">Wenn Sie auf Barrieren sto\u00dfen oder Anmerkungen zur Barrierefreiheit unserer digitalen Angebote haben, kontaktieren Sie uns bitte:<\/div><div draggable=\"false\">E-Mail: <a draggable=\"false\" href=\"mailto:support@makanaknowledge.com\" rev=\"en_rl_none\">support@makanaknowledge.com<\/a> Betreff: <b>\u201eBarrierefreiheit\u201c<\/b><\/div><div draggable=\"false\">Wir bem\u00fchen uns, Ihre Anfrage zeitnah zu pr\u00fcfen und eine L\u00f6sung zu finden.<\/div><div draggable=\"false\">\u00a0<\/div><p draggable=\"false\"><b>Stand dieser Erkl\u00e4rung<\/b><\/p><div draggable=\"false\">Diese Erkl\u00e4rung wurde am 10. Juni 2025 erstellt.<\/div>\t\t\t\t\t\t\t\t<\/div>\n\t\t\t\t<\/div>\n\t\t\t\t\t<\/div>\n\t\t\t\t<\/div>\n\t\t\t\t<\/div>\n\t\t","protected":false},"excerpt":{"rendered":"<p>Barrierefreiheit Erkl\u00e4rung zur Barrierefreiheit Die Makana Knowledge GmbH ist bem\u00fcht, ihre Website und digitalen Inhalte barrierefrei zug\u00e4nglich zu machen, im Einklang mit dem Barrierefreiheitsst\u00e4rkungsgesetz (BFSG).Gem\u00e4\u00df \u00a7 2 Abs. 3 BFSG pr\u00fcfen wir regelm\u00e4\u00dfig, inwiefern Anforderungen zur Barrierefreiheit umgesetzt und verbessert werden k\u00f6nnen. Barrierefreie Elemente Die Inhalte sind weitgehend strukturiert und mit sinnvollen \u00dcberschriften versehen. Die [&hellip;]<\/p>\n","protected":false},"author":1,"featured_media":0,"parent":0,"menu_order":57,"comment_status":"closed","ping_status":"closed","template":"","meta":{"_acf_changed":false,"pmpro_default_level":"","site-sidebar-layout":"no-sidebar","site-content-layout":"page-builder","ast-site-content-layout":"full-width-container","site-content-style":"default","site-sidebar-style":"default","ast-global-header-display":"","ast-banner-title-visibility":"","ast-main-header-display":"","ast-hfb-above-header-display":"","ast-hfb-below-header-display":"","ast-hfb-mobile-header-display":"","site-post-title":"disabled","ast-breadcrumbs-content":"","ast-featured-img":"disabled","footer-sml-layout":"","ast-disable-related-posts":"","theme-transparent-header-meta":"","adv-header-id-meta":"","stick-header-meta":"","header-above-stick-meta":"","header-main-stick-meta":"","header-below-stick-meta":"","astra-migrate-meta-layouts":"default","ast-page-background-enabled":"default","ast-page-background-meta":{"desktop":{"background-color":"var(--ast-global-color-4)","background-image":"","background-repeat":"repeat","background-position":"center center","background-size":"auto","background-attachment":"scroll","background-type":"","background-media":"","overlay-type":"","overlay-color":"","overlay-opacity":"","overlay-gradient":""},"tablet":{"background-color":"","background-image":"","background-repeat":"repeat","background-position":"center center","background-size":"auto","background-attachment":"scroll","background-type":"","background-media":"","overlay-type":"","overlay-color":"","overlay-opacity":"","overlay-gradient":""},"mobile":{"background-color":"","background-image":"","background-repeat":"repeat","background-position":"center center","background-size":"auto","background-attachment":"scroll","background-type":"","background-media":"","overlay-type":"","overlay-color":"","overlay-opacity":"","overlay-gradient":""}},"ast-content-background-meta":{"desktop":{"background-color":"var(--ast-global-color-5)","background-image":"","background-repeat":"repeat","background-position":"center center","background-size":"auto","background-attachment":"scroll","background-type":"","background-media":"","overlay-type":"","overlay-color":"","overlay-opacity":"","overlay-gradient":""},"tablet":{"background-color":"var(--ast-global-color-5)","background-image":"","background-repeat":"repeat","background-position":"center center","background-size":"auto","background-attachment":"scroll","background-type":"","background-media":"","overlay-type":"","overlay-color":"","overlay-opacity":"","overlay-gradient":""},"mobile":{"background-color":"var(--ast-global-color-5)","background-image":"","background-repeat":"repeat","background-position":"center center","background-size":"auto","background-attachment":"scroll","background-type":"","background-media":"","overlay-type":"","overlay-color":"","overlay-opacity":"","overlay-gradient":""}},"iawp_total_views":12,"footnotes":""},"class_list":["post-10930","page","type-page","status-publish","hentry","pmpro-has-access"],"acf":[],"_links":{"self":[{"href":"https:\/\/www.luminlucid.com\/de\/wp-json\/wp\/v2\/pages\/10930","targetHints":{"allow":["GET"]}}],"collection":[{"href":"https:\/\/www.luminlucid.com\/de\/wp-json\/wp\/v2\/pages"}],"about":[{"href":"https:\/\/www.luminlucid.com\/de\/wp-json\/wp\/v2\/types\/page"}],"author":[{"embeddable":true,"href":"https:\/\/www.luminlucid.com\/de\/wp-json\/wp\/v2\/users\/1"}],"replies":[{"embeddable":true,"href":"https:\/\/www.luminlucid.com\/de\/wp-json\/wp\/v2\/comments?post=10930"}],"version-history":[{"count":0,"href":"https:\/\/www.luminlucid.com\/de\/wp-json\/wp\/v2\/pages\/10930\/revisions"}],"wp:attachment":[{"href":"https:\/\/www.luminlucid.com\/de\/wp-json\/wp\/v2\/media?parent=10930"}],"curies":[{"name":"wp","href":"https:\/\/api.w.org\/{rel}","templated":true}]}}